{"id":103,"date":"2023-08-15T16:05:47","date_gmt":"2023-08-15T14:05:47","guid":{"rendered":"https:\/\/emediatest.fr\/growthstars\/?page_id=103"},"modified":"2023-09-07T20:34:28","modified_gmt":"2023-09-07T18:34:28","slug":"think-tank","status":"publish","type":"page","link":"https:\/\/emediatest.fr\/growthstars\/think-tank\/","title":{"rendered":"Think Tank"},"content":{"rendered":"\t\t<div data-elementor-type=\"wp-page\" data-elementor-id=\"103\" class=\"elementor elementor-103\" data-elementor-post-type=\"page\">\n\t\t\t\t\t\t\t\t\t<section class=\"elementor-section elementor-top-section elementor-element elementor-element-1e9094b elementor-section-height-full elementor-section-boxed elementor-section-height-default elementor-section-items-middle\" data-id=\"1e9094b\" data-element_type=\"section\">\n\t\t\t\t\t\t<div class=\"elementor-container elementor-column-gap-default\">\n\t\t\t\t\t<div class=\"elementor-column elementor-col-25 elementor-top-column elementor-element elementor-element-8416021\" data-id=\"8416021\" data-element_type=\"column\">\n\t\t\t<div class=\"elementor-widget-wrap\">\n\t\t\t\t\t\t\t\t\t<\/div>\n\t\t<\/div>\n\t\t\t\t<div class=\"elementor-column elementor-col-50 elementor-top-column elementor-element elementor-element-336fdae\" data-id=\"336fdae\" data-element_type=\"column\">\n\t\t\t<div class=\"elementor-widget-wrap elementor-element-populated\">\n\t\t\t\t\t\t\t\t<div class=\"elementor-element elementor-element-90afa0f elementor-widget elementor-widget-heading\" data-id=\"90afa0f\" data-element_type=\"widget\" data-widget_type=\"heading.default\">\n\t\t\t\t<div class=\"elementor-widget-container\">\n\t\t\t<style>\/*! elementor - v3.15.0 - 20-08-2023 *\/\n.elementor-heading-title{padding:0;margin:0;line-height:1}.elementor-widget-heading .elementor-heading-title[class*=elementor-size-]>a{color:inherit;font-size:inherit;line-height:inherit}.elementor-widget-heading .elementor-heading-title.elementor-size-small{font-size:15px}.elementor-widget-heading .elementor-heading-title.elementor-size-medium{font-size:19px}.elementor-widget-heading .elementor-heading-title.elementor-size-large{font-size:29px}.elementor-widget-heading .elementor-heading-title.elementor-size-xl{font-size:39px}.elementor-widget-heading .elementor-heading-title.elementor-size-xxl{font-size:59px}<\/style><h2 class=\"elementor-heading-title elementor-size-default\">Think Tank<\/h2>\t\t<\/div>\n\t\t\t\t<\/div>\n\t\t\t\t<div class=\"elementor-element elementor-element-5018785 elementor-widget elementor-widget-spacer\" data-id=\"5018785\" data-element_type=\"widget\" data-widget_type=\"spacer.default\">\n\t\t\t\t<div class=\"elementor-widget-container\">\n\t\t\t<style>\/*! elementor - v3.15.0 - 20-08-2023 *\/\n.elementor-column .elementor-spacer-inner{height:var(--spacer-size)}.e-con{--container-widget-width:100%}.e-con-inner>.elementor-widget-spacer,.e-con>.elementor-widget-spacer{width:var(--container-widget-width,var(--spacer-size));--align-self:var(--container-widget-align-self,initial);--flex-shrink:0}.e-con-inner>.elementor-widget-spacer>.elementor-widget-container,.e-con-inner>.elementor-widget-spacer>.elementor-widget-container>.elementor-spacer,.e-con>.elementor-widget-spacer>.elementor-widget-container,.e-con>.elementor-widget-spacer>.elementor-widget-container>.elementor-spacer{height:100%}.e-con-inner>.elementor-widget-spacer>.elementor-widget-container>.elementor-spacer>.elementor-spacer-inner,.e-con>.elementor-widget-spacer>.elementor-widget-container>.elementor-spacer>.elementor-spacer-inner{height:var(--container-widget-height,var(--spacer-size))}<\/style>\t\t<div class=\"elementor-spacer\">\n\t\t\t<div class=\"elementor-spacer-inner\"><\/div>\n\t\t<\/div>\n\t\t\t\t<\/div>\n\t\t\t\t<\/div>\n\t\t\t\t<div class=\"elementor-element elementor-element-5cb58ea elementor-widget elementor-widget-text-editor\" data-id=\"5cb58ea\" data-element_type=\"widget\" data-widget_type=\"text-editor.default\">\n\t\t\t\t<div class=\"elementor-widget-container\">\n\t\t\t<style>\/*! elementor - v3.15.0 - 20-08-2023 *\/\n.elementor-widget-text-editor.elementor-drop-cap-view-stacked .elementor-drop-cap{background-color:#69727d;color:#fff}.elementor-widget-text-editor.elementor-drop-cap-view-framed .elementor-drop-cap{color:#69727d;border:3px solid;background-color:transparent}.elementor-widget-text-editor:not(.elementor-drop-cap-view-default) .elementor-drop-cap{margin-top:8px}.elementor-widget-text-editor:not(.elementor-drop-cap-view-default) .elementor-drop-cap-letter{width:1em;height:1em}.elementor-widget-text-editor .elementor-drop-cap{float:left;text-align:center;line-height:1;font-size:50px}.elementor-widget-text-editor .elementor-drop-cap-letter{display:inline-block}<\/style>\t\t\t\t<div data-editor-content=\"{&quot;blocks&quot;:[{&quot;key&quot;:&quot;2irjj&quot;,&quot;text&quot;:&quot;Bringen Sie Ihre Ideen zum Leben! Unser Ideen-Support bietet Ihnen professionelle Unterst\u00fctzung bei der Entwicklung und Validierung Ihrer Gesch\u00e4ftsideen. Durch strategische Partnerschaften und Ressourcenoptimierung f\u00f6rdern wir nachhaltiges Wachstum und maximieren den Erfolg Ihrer unternehmerischen Vision.&quot;,&quot;type&quot;:&quot;unstyled&quot;,&quot;depth&quot;:0,&quot;inlineStyleRanges&quot;:[],&quot;entityRanges&quot;:[],&quot;data&quot;:{}}],&quot;entityMap&quot;:{}}\">Bringen Sie Ihre Ideen zum Leben! Unser Ideen-Support bietet Ihnen professionelle Unterst\u00fctzung bei der Entwicklung und Validierung Ihrer Gesch\u00e4ftsideen. Durch strategische Partnerschaften und Ressourcenoptimierung f\u00f6rdern wir nachhaltiges Wachstum und maximieren den Erfolg Ihrer unternehmerischen Vision.<\/div>\t\t\t\t\t\t<\/div>\n\t\t\t\t<\/div>\n\t\t\t\t<div class=\"elementor-element elementor-element-c3cab84 elementor-widget elementor-widget-spacer\" data-id=\"c3cab84\" data-element_type=\"widget\" data-widget_type=\"spacer.default\">\n\t\t\t\t<div class=\"elementor-widget-container\">\n\t\t\t\t\t<div class=\"elementor-spacer\">\n\t\t\t<div class=\"elementor-spacer-inner\"><\/div>\n\t\t<\/div>\n\t\t\t\t<\/div>\n\t\t\t\t<\/div>\n\t\t\t\t<div class=\"elementor-element elementor-element-98752ed elementor-align-center elementor-widget elementor-widget-button\" data-id=\"98752ed\" data-element_type=\"widget\" data-widget_type=\"button.default\">\n\t\t\t\t<div class=\"elementor-widget-container\">\n\t\t\t\t\t<div class=\"elementor-button-wrapper\">\n\t\t\t<a class=\"elementor-button elementor-button-link elementor-size-sm\" href=\"#Das\">\n\t\t\t\t\t\t<span class=\"elementor-button-content-wrapper\">\n\t\t\t\t\t\t<span class=\"elementor-button-text\">Weitere Informationen<\/span>\n\t\t<\/span>\n\t\t\t\t\t<\/a>\n\t\t<\/div>\n\t\t\t\t<\/div>\n\t\t\t\t<\/div>\n\t\t\t\t<div class=\"elementor-element elementor-element-771e3fb elementor-widget elementor-widget-spacer\" data-id=\"771e3fb\" data-element_type=\"widget\" data-widget_type=\"spacer.default\">\n\t\t\t\t<div class=\"elementor-widget-container\">\n\t\t\t\t\t<div class=\"elementor-spacer\">\n\t\t\t<div class=\"elementor-spacer-inner\"><\/div>\n\t\t<\/div>\n\t\t\t\t<\/div>\n\t\t\t\t<\/div>\n\t\t\t\t\t<\/div>\n\t\t<\/div>\n\t\t\t\t<div class=\"elementor-column elementor-col-25 elementor-top-column elementor-element elementor-element-2854150\" data-id=\"2854150\" data-element_type=\"column\">\n\t\t\t<div class=\"elementor-widget-wrap\">\n\t\t\t\t\t\t\t\t\t<\/div>\n\t\t<\/div>\n\t\t\t\t\t\t\t<\/div>\n\t\t<\/section>\n\t\t\t\t<section class=\"elementor-section elementor-top-section elementor-element elementor-element-1c797c4 elementor-section-height-full elementor-section-boxed elementor-section-height-default elementor-section-items-middle\" data-id=\"1c797c4\" data-element_type=\"section\" data-settings=\"{&quot;background_background&quot;:&quot;classic&quot;}\">\n\t\t\t\t\t\t<div class=\"elementor-container elementor-column-gap-default\">\n\t\t\t\t\t<div class=\"elementor-column elementor-col-25 elementor-top-column elementor-element elementor-element-07570e1\" data-id=\"07570e1\" data-element_type=\"column\">\n\t\t\t<div class=\"elementor-widget-wrap\">\n\t\t\t\t\t\t\t\t\t<\/div>\n\t\t<\/div>\n\t\t\t\t<div class=\"elementor-column elementor-col-50 elementor-top-column elementor-element elementor-element-d1b8f4a\" data-id=\"d1b8f4a\" data-element_type=\"column\">\n\t\t\t<div class=\"elementor-widget-wrap elementor-element-populated\">\n\t\t\t\t\t\t\t\t<div class=\"elementor-element elementor-element-2eda7c7 elementor-widget elementor-widget-menu-anchor\" data-id=\"2eda7c7\" data-element_type=\"widget\" data-widget_type=\"menu-anchor.default\">\n\t\t\t\t<div class=\"elementor-widget-container\">\n\t\t\t<style>\/*! elementor - v3.15.0 - 20-08-2023 *\/\nbody.elementor-page .elementor-widget-menu-anchor{margin-bottom:0}<\/style>\t\t<div id=\"Das\" class=\"elementor-menu-anchor\"><\/div>\n\t\t\t\t<\/div>\n\t\t\t\t<\/div>\n\t\t\t\t<div class=\"elementor-element elementor-element-fd008f6 elementor-widget elementor-widget-spacer\" data-id=\"fd008f6\" data-element_type=\"widget\" data-widget_type=\"spacer.default\">\n\t\t\t\t<div class=\"elementor-widget-container\">\n\t\t\t\t\t<div class=\"elementor-spacer\">\n\t\t\t<div class=\"elementor-spacer-inner\"><\/div>\n\t\t<\/div>\n\t\t\t\t<\/div>\n\t\t\t\t<\/div>\n\t\t\t\t<div class=\"elementor-element elementor-element-9d0afee elementor-widget elementor-widget-heading\" data-id=\"9d0afee\" data-element_type=\"widget\" data-widget_type=\"heading.default\">\n\t\t\t\t<div class=\"elementor-widget-container\">\n\t\t\t<h2 class=\"elementor-heading-title elementor-size-default\">Das GrowthStars Think Tank<\/h2>\t\t<\/div>\n\t\t\t\t<\/div>\n\t\t\t\t<div class=\"elementor-element elementor-element-9a2da61 elementor-widget elementor-widget-spacer\" data-id=\"9a2da61\" data-element_type=\"widget\" data-widget_type=\"spacer.default\">\n\t\t\t\t<div class=\"elementor-widget-container\">\n\t\t\t\t\t<div class=\"elementor-spacer\">\n\t\t\t<div class=\"elementor-spacer-inner\"><\/div>\n\t\t<\/div>\n\t\t\t\t<\/div>\n\t\t\t\t<\/div>\n\t\t\t\t<div class=\"elementor-element elementor-element-7776372 elementor-widget elementor-widget-text-editor\" data-id=\"7776372\" data-element_type=\"widget\" data-widget_type=\"text-editor.default\">\n\t\t\t\t<div class=\"elementor-widget-container\">\n\t\t\t\t\t\t\t<div data-editor-content=\"{&quot;blocks&quot;:[{&quot;key&quot;:&quot;88d1v&quot;,&quot;text&quot;:&quot;Unser Ziel ist es, Ihnen die erforderliche Expertise und das n\u00f6tige Umfeld zu bieten, um Ihre Ideen erfolgreich umzusetzen. Gemeinsam arbeiten wir daran, Ihre Ideen zu verfeinern, Potenziale zu erkennen und Ihre Vision in die Realit\u00e4t umzusetzen.&quot;,&quot;type&quot;:&quot;unstyled&quot;,&quot;depth&quot;:0,&quot;inlineStyleRanges&quot;:[],&quot;entityRanges&quot;:[],&quot;data&quot;:{}}],&quot;entityMap&quot;:{}}\">Unser Ziel ist es, Ihnen die erforderliche Expertise und das n\u00f6tige Umfeld zu bieten, um Ihre Ideen erfolgreich umzusetzen. Gemeinsam arbeiten wir daran, Ihre Ideen zu verfeinern, Potenziale zu erkennen und Ihre Vision in die Realit\u00e4t umzusetzen.<\/div>\t\t\t\t\t\t<\/div>\n\t\t\t\t<\/div>\n\t\t\t\t<div class=\"elementor-element elementor-element-b1233d8 elementor-widget elementor-widget-text-editor\" data-id=\"b1233d8\" data-element_type=\"widget\" data-widget_type=\"text-editor.default\">\n\t\t\t\t<div class=\"elementor-widget-container\">\n\t\t\t\t\t\t\t<div data-editor-content=\"{&quot;blocks&quot;:[{&quot;key&quot;:&quot;88d1v&quot;,&quot;text&quot;:&quot;Unser Ziel ist es, Ihnen die erforderliche Expertise und das n\u00f6tige Umfeld zu bieten, um Ihre Ideen erfolgreich umzusetzen. Gemeinsam arbeiten wir daran, Ihre Ideen zu verfeinern, Potenziale zu erkennen und Ihre Vision in die Realit\u00e4t umzusetzen.&quot;,&quot;type&quot;:&quot;unstyled&quot;,&quot;depth&quot;:0,&quot;inlineStyleRanges&quot;:[],&quot;entityRanges&quot;:[],&quot;data&quot;:{}}],&quot;entityMap&quot;:{}}\"><div data-editor-content=\"{&quot;blocks&quot;:[{&quot;key&quot;:&quot;2t2k0&quot;,&quot;text&quot;:&quot;Mit unserem umfangreichen Netzwerk und unserer langj\u00e4hrigen Erfahrung stehen wir Ihnen zur Seite, um wertvolle Einblicke und Ressourcen bereitzustellen. Wir helfen Ihnen dabei, m\u00f6gliche Herausforderungen zu meistern, Risiken zu minimieren und Chancen optimal zu nutzen, um Ihr Unternehmen auf Erfolgskurs zu bringen.&quot;,&quot;type&quot;:&quot;unstyled&quot;,&quot;depth&quot;:0,&quot;inlineStyleRanges&quot;:[],&quot;entityRanges&quot;:[],&quot;data&quot;:{}}],&quot;entityMap&quot;:{}}\">Mit unserem umfangreichen Netzwerk und unserer langj\u00e4hrigen Erfahrung stehen wir Ihnen zur Seite, um wertvolle Einblicke und Ressourcen bereitzustellen. Wir helfen Ihnen dabei, m\u00f6gliche Herausforderungen zu meistern, Risiken zu minimieren und Chancen optimal zu nutzen, um Ihr Unternehmen auf Erfolgskurs zu bringen.<\/div><\/div>\t\t\t\t\t\t<\/div>\n\t\t\t\t<\/div>\n\t\t\t\t<div class=\"elementor-element elementor-element-33834cd elementor-widget elementor-widget-text-editor\" data-id=\"33834cd\" data-element_type=\"widget\" data-widget_type=\"text-editor.default\">\n\t\t\t\t<div class=\"elementor-widget-container\">\n\t\t\t\t\t\t\t<div data-editor-content=\"{&quot;blocks&quot;:[{&quot;key&quot;:&quot;88d1v&quot;,&quot;text&quot;:&quot;Unser Ziel ist es, Ihnen die erforderliche Expertise und das n\u00f6tige Umfeld zu bieten, um Ihre Ideen erfolgreich umzusetzen. Gemeinsam arbeiten wir daran, Ihre Ideen zu verfeinern, Potenziale zu erkennen und Ihre Vision in die Realit\u00e4t umzusetzen.&quot;,&quot;type&quot;:&quot;unstyled&quot;,&quot;depth&quot;:0,&quot;inlineStyleRanges&quot;:[],&quot;entityRanges&quot;:[],&quot;data&quot;:{}}],&quot;entityMap&quot;:{}}\"><div data-editor-content=\"{&quot;blocks&quot;:[{&quot;key&quot;:&quot;2t2k0&quot;,&quot;text&quot;:&quot;Mit unserem umfangreichen Netzwerk und unserer langj\u00e4hrigen Erfahrung stehen wir Ihnen zur Seite, um wertvolle Einblicke und Ressourcen bereitzustellen. Wir helfen Ihnen dabei, m\u00f6gliche Herausforderungen zu meistern, Risiken zu minimieren und Chancen optimal zu nutzen, um Ihr Unternehmen auf Erfolgskurs zu bringen.&quot;,&quot;type&quot;:&quot;unstyled&quot;,&quot;depth&quot;:0,&quot;inlineStyleRanges&quot;:[],&quot;entityRanges&quot;:[],&quot;data&quot;:{}}],&quot;entityMap&quot;:{}}\"><div data-editor-content=\"{&quot;blocks&quot;:[{&quot;key&quot;:&quot;42i1m&quot;,&quot;text&quot;:&quot;Vertrauen Sie auf unseren Think Tank, um Ihre Gesch\u00e4ftsideen zum Leben zu erwecken und Ihr Unternehmen auf eine erfolgreiche Zukunft auszurichten. Gemeinsam schaffen wir eine inspirierende Umgebung, in der Ihre unternehmerischen Tr\u00e4ume Wirklichkeit werden.&quot;,&quot;type&quot;:&quot;unstyled&quot;,&quot;depth&quot;:0,&quot;inlineStyleRanges&quot;:[],&quot;entityRanges&quot;:[],&quot;data&quot;:{}}],&quot;entityMap&quot;:{}}\">Vertrauen Sie auf unseren Think Tank, um Ihre Gesch\u00e4ftsideen zum Leben zu erwecken und Ihr Unternehmen auf eine erfolgreiche Zukunft auszurichten. Gemeinsam schaffen wir eine inspirierende Umgebung, in der Ihre unternehmerischen Tr\u00e4ume Wirklichkeit werden.<\/div><\/div><\/div>\t\t\t\t\t\t<\/div>\n\t\t\t\t<\/div>\n\t\t\t\t<div class=\"elementor-element elementor-element-0e4d77c elementor-widget elementor-widget-spacer\" data-id=\"0e4d77c\" data-element_type=\"widget\" data-widget_type=\"spacer.default\">\n\t\t\t\t<div class=\"elementor-widget-container\">\n\t\t\t\t\t<div class=\"elementor-spacer\">\n\t\t\t<div class=\"elementor-spacer-inner\"><\/div>\n\t\t<\/div>\n\t\t\t\t<\/div>\n\t\t\t\t<\/div>\n\t\t\t\t\t<\/div>\n\t\t<\/div>\n\t\t\t\t<div class=\"elementor-column elementor-col-25 elementor-top-column elementor-element elementor-element-78d254a\" data-id=\"78d254a\" data-element_type=\"column\">\n\t\t\t<div class=\"elementor-widget-wrap\">\n\t\t\t\t\t\t\t\t\t<\/div>\n\t\t<\/div>\n\t\t\t\t\t\t\t<\/div>\n\t\t<\/section>\n\t\t\t\t\t\t\t<\/div>\n\t\t","protected":false},"excerpt":{"rendered":"<p>Think Tank Bringen Sie Ihre Ideen zum Leben! Unser Ideen-Support bietet Ihnen professionelle Unterst\u00fctzung bei der Entwicklung und Validierung Ihrer Gesch\u00e4ftsideen. Durch strategische Partnerschaften und Ressourcenoptimierung f\u00f6rdern wir nachhaltiges Wachstum und maximieren den Erfolg Ihrer unternehmerischen Vision. Weitere Informationen Das GrowthStars Think Tank Unser Ziel ist es, Ihnen die erforderliche Expertise und das n\u00f6tige Umfeld [&hellip;]<\/p>\n","protected":false},"author":1,"featured_media":0,"parent":0,"menu_order":0,"comment_status":"closed","ping_status":"closed","template":"","meta":{"footnotes":""},"class_list":["post-103","page","type-page","status-publish","hentry"],"_links":{"self":[{"href":"https:\/\/emediatest.fr\/growthstars\/wp-json\/wp\/v2\/pages\/103","targetHints":{"allow":["GET"]}}],"collection":[{"href":"https:\/\/emediatest.fr\/growthstars\/wp-json\/wp\/v2\/pages"}],"about":[{"href":"https:\/\/emediatest.fr\/growthstars\/wp-json\/wp\/v2\/types\/page"}],"author":[{"embeddable":true,"href":"https:\/\/emediatest.fr\/growthstars\/wp-json\/wp\/v2\/users\/1"}],"replies":[{"embeddable":true,"href":"https:\/\/emediatest.fr\/growthstars\/wp-json\/wp\/v2\/comments?post=103"}],"version-history":[{"count":52,"href":"https:\/\/emediatest.fr\/growthstars\/wp-json\/wp\/v2\/pages\/103\/revisions"}],"predecessor-version":[{"id":234,"href":"https:\/\/emediatest.fr\/growthstars\/wp-json\/wp\/v2\/pages\/103\/revisions\/234"}],"wp:attachment":[{"href":"https:\/\/emediatest.fr\/growthstars\/wp-json\/wp\/v2\/media?parent=103"}],"curies":[{"name":"wp","href":"https:\/\/api.w.org\/{rel}","templated":true}]}}