{"id":55,"date":"2023-08-15T13:07:02","date_gmt":"2023-08-15T11:07:02","guid":{"rendered":"https:\/\/emediatest.fr\/growthstars\/?page_id=55"},"modified":"2023-09-07T21:01:32","modified_gmt":"2023-09-07T19:01:32","slug":"sales-as-a-service","status":"publish","type":"page","link":"https:\/\/emediatest.fr\/growthstars\/sales-as-a-service\/","title":{"rendered":"Sales as a Service"},"content":{"rendered":"\t\t<div data-elementor-type=\"wp-page\" data-elementor-id=\"55\" class=\"elementor elementor-55\" data-elementor-post-type=\"page\">\n\t\t\t\t\t\t\t\t\t<section class=\"elementor-section elementor-top-section elementor-element elementor-element-757a0d5 elementor-section-full_width elementor-section-height-min-height elementor-section-height-default elementor-section-items-middle\" data-id=\"757a0d5\" data-element_type=\"section\">\n\t\t\t\t\t\t<div class=\"elementor-container elementor-column-gap-default\">\n\t\t\t\t\t<div class=\"elementor-column elementor-col-50 elementor-top-column elementor-element elementor-element-16f945e elementor-invisible\" data-id=\"16f945e\" data-element_type=\"column\" data-settings=\"{&quot;animation&quot;:&quot;fadeInLeft&quot;}\">\n\t\t\t<div class=\"elementor-widget-wrap elementor-element-populated\">\n\t\t\t\t\t\t\t\t<div class=\"elementor-element elementor-element-e4d1d3e elementor-widget elementor-widget-image\" data-id=\"e4d1d3e\" data-element_type=\"widget\" data-widget_type=\"image.default\">\n\t\t\t\t<div class=\"elementor-widget-container\">\n\t\t\t<style>\/*! elementor - v3.15.0 - 20-08-2023 *\/\n.elementor-widget-image{text-align:center}.elementor-widget-image a{display:inline-block}.elementor-widget-image a img[src$=\".svg\"]{width:48px}.elementor-widget-image img{vertical-align:middle;display:inline-block}<\/style>\t\t\t\t\t\t\t\t\t\t\t\t<img loading=\"lazy\" decoding=\"async\" width=\"2560\" height=\"1280\" src=\"https:\/\/emediatest.fr\/growthstars\/wp-content\/uploads\/2023\/08\/review-analytics-kpis-marketing-sales-service-scaled.webp\" class=\"attachment-full size-full wp-image-62\" alt=\"\" srcset=\"https:\/\/emediatest.fr\/growthstars\/wp-content\/uploads\/2023\/08\/review-analytics-kpis-marketing-sales-service-scaled.webp 2560w, https:\/\/emediatest.fr\/growthstars\/wp-content\/uploads\/2023\/08\/review-analytics-kpis-marketing-sales-service-300x150.webp 300w, https:\/\/emediatest.fr\/growthstars\/wp-content\/uploads\/2023\/08\/review-analytics-kpis-marketing-sales-service-1024x512.webp 1024w, https:\/\/emediatest.fr\/growthstars\/wp-content\/uploads\/2023\/08\/review-analytics-kpis-marketing-sales-service-768x384.webp 768w, https:\/\/emediatest.fr\/growthstars\/wp-content\/uploads\/2023\/08\/review-analytics-kpis-marketing-sales-service-1536x768.webp 1536w, https:\/\/emediatest.fr\/growthstars\/wp-content\/uploads\/2023\/08\/review-analytics-kpis-marketing-sales-service-2048x1024.webp 2048w\" sizes=\"auto, (max-width: 2560px) 100vw, 2560px\" \/>\t\t\t\t\t\t\t\t\t\t\t\t\t\t\t<\/div>\n\t\t\t\t<\/div>\n\t\t\t\t\t<\/div>\n\t\t<\/div>\n\t\t\t\t<div class=\"elementor-column elementor-col-50 elementor-top-column elementor-element elementor-element-0a39cd1 elementor-invisible\" data-id=\"0a39cd1\" data-element_type=\"column\" data-settings=\"{&quot;animation&quot;:&quot;fadeInRight&quot;}\">\n\t\t\t<div class=\"elementor-widget-wrap elementor-element-populated\">\n\t\t\t\t\t\t\t\t<div class=\"elementor-element elementor-element-738b5d7 elementor-widget elementor-widget-heading\" data-id=\"738b5d7\" data-element_type=\"widget\" data-widget_type=\"heading.default\">\n\t\t\t\t<div class=\"elementor-widget-container\">\n\t\t\t<style>\/*! elementor - v3.15.0 - 20-08-2023 *\/\n.elementor-heading-title{padding:0;margin:0;line-height:1}.elementor-widget-heading .elementor-heading-title[class*=elementor-size-]>a{color:inherit;font-size:inherit;line-height:inherit}.elementor-widget-heading .elementor-heading-title.elementor-size-small{font-size:15px}.elementor-widget-heading .elementor-heading-title.elementor-size-medium{font-size:19px}.elementor-widget-heading .elementor-heading-title.elementor-size-large{font-size:29px}.elementor-widget-heading .elementor-heading-title.elementor-size-xl{font-size:39px}.elementor-widget-heading .elementor-heading-title.elementor-size-xxl{font-size:59px}<\/style><h2 class=\"elementor-heading-title elementor-size-default\">Sales as a Service<\/h2>\t\t<\/div>\n\t\t\t\t<\/div>\n\t\t\t\t<div class=\"elementor-element elementor-element-49d1944 elementor-widget elementor-widget-text-editor\" data-id=\"49d1944\" data-element_type=\"widget\" data-widget_type=\"text-editor.default\">\n\t\t\t\t<div class=\"elementor-widget-container\">\n\t\t\t<style>\/*! elementor - v3.15.0 - 20-08-2023 *\/\n.elementor-widget-text-editor.elementor-drop-cap-view-stacked .elementor-drop-cap{background-color:#69727d;color:#fff}.elementor-widget-text-editor.elementor-drop-cap-view-framed .elementor-drop-cap{color:#69727d;border:3px solid;background-color:transparent}.elementor-widget-text-editor:not(.elementor-drop-cap-view-default) .elementor-drop-cap{margin-top:8px}.elementor-widget-text-editor:not(.elementor-drop-cap-view-default) .elementor-drop-cap-letter{width:1em;height:1em}.elementor-widget-text-editor .elementor-drop-cap{float:left;text-align:center;line-height:1;font-size:50px}.elementor-widget-text-editor .elementor-drop-cap-letter{display:inline-block}<\/style>\t\t\t\t<div data-editor-content=\"{&quot;blocks&quot;:[{&quot;key&quot;:&quot;20vjk&quot;,&quot;text&quot;:&quot;Unser erfahrenes Team entwickelt ma\u00dfgeschneiderte Dialogkonzepte, die das ICP unserer Kunden von Anfang an miteinbeziehen. Durch das Zusammenspiel zwischen datengetriebener Lead-Generierung, individueller Kundenansprache sowie dem klaren Fokus auf Neukundenakquise sind wir Ihr erfolgreicher Partner f\u00fcr Umsatzwachstum.&quot;,&quot;type&quot;:&quot;unstyled&quot;,&quot;depth&quot;:0,&quot;inlineStyleRanges&quot;:[],&quot;entityRanges&quot;:[],&quot;data&quot;:{}}],&quot;entityMap&quot;:{}}\">Unser erfahrenes Team entwickelt ma\u00dfgeschneiderte Dialogkonzepte, die das ICP unserer Kunden von Anfang an miteinbeziehen. Durch das Zusammenspiel zwischen datengetriebener Lead-Generierung, individueller Kundenansprache sowie dem klaren Fokus auf Neukundenakquise sind wir Ihr erfolgreicher Partner f\u00fcr Umsatzwachstum.<\/div>\t\t\t\t\t\t<\/div>\n\t\t\t\t<\/div>\n\t\t\t\t\t<\/div>\n\t\t<\/div>\n\t\t\t\t\t\t\t<\/div>\n\t\t<\/section>\n\t\t\t\t<section class=\"elementor-section elementor-top-section elementor-element elementor-element-27b8ab1 elementor-section-full_width elementor-section-height-min-height elementor-section-height-default elementor-section-items-middle\" data-id=\"27b8ab1\" data-element_type=\"section\">\n\t\t\t\t\t\t<div class=\"elementor-container elementor-column-gap-default\">\n\t\t\t\t\t<div class=\"elementor-column elementor-col-50 elementor-top-column elementor-element elementor-element-1e1f426 elementor-invisible\" data-id=\"1e1f426\" data-element_type=\"column\" data-settings=\"{&quot;animation&quot;:&quot;fadeInRight&quot;}\">\n\t\t\t<div class=\"elementor-widget-wrap elementor-element-populated\">\n\t\t\t\t\t\t\t\t<div class=\"elementor-element elementor-element-139bea5 elementor-widget elementor-widget-heading\" data-id=\"139bea5\" data-element_type=\"widget\" data-widget_type=\"heading.default\">\n\t\t\t\t<div class=\"elementor-widget-container\">\n\t\t\t<h2 class=\"elementor-heading-title elementor-size-default\">Was wir unter Sales verstehen\u200b<\/h2>\t\t<\/div>\n\t\t\t\t<\/div>\n\t\t\t\t<div class=\"elementor-element elementor-element-c72e039 elementor-widget elementor-widget-text-editor\" data-id=\"c72e039\" data-element_type=\"widget\" data-widget_type=\"text-editor.default\">\n\t\t\t\t<div class=\"elementor-widget-container\">\n\t\t\t\t\t\t\t<div data-editor-content=\"{&quot;blocks&quot;:[{&quot;key&quot;:&quot;20vjk&quot;,&quot;text&quot;:&quot;Unser erfahrenes Team entwickelt ma\u00dfgeschneiderte Dialogkonzepte, die das ICP unserer Kunden von Anfang an miteinbeziehen. Durch das Zusammenspiel zwischen datengetriebener Lead-Generierung, individueller Kundenansprache sowie dem klaren Fokus auf Neukundenakquise sind wir Ihr erfolgreicher Partner f\u00fcr Umsatzwachstum.&quot;,&quot;type&quot;:&quot;unstyled&quot;,&quot;depth&quot;:0,&quot;inlineStyleRanges&quot;:[],&quot;entityRanges&quot;:[],&quot;data&quot;:{}}],&quot;entityMap&quot;:{}}\">Wir verstehen, dass viele Unternehmen keine Lust oder Zeit haben, sich intensiv mit der anspruchsvollen Kaltakquise auseinanderzusetzen. Deshalb \u00fcbernehmen wir diese Aufgabe f\u00fcr Sie und bringen innovative und datengest\u00fctzte Dialogkonzepte zum Einsatz. Mit Hilfe von zielgerichteteter Leadgenerierung sowie direkter Einarbeitung in CRM Systeme arbeiten wir prozessgetrieben und transparent.<\/div>\t\t\t\t\t\t<\/div>\n\t\t\t\t<\/div>\n\t\t\t\t\t<\/div>\n\t\t<\/div>\n\t\t\t\t<div class=\"elementor-column elementor-col-50 elementor-top-column elementor-element elementor-element-0dd50d1 elementor-invisible\" data-id=\"0dd50d1\" data-element_type=\"column\" data-settings=\"{&quot;animation&quot;:&quot;fadeInLeft&quot;}\">\n\t\t\t<div class=\"elementor-widget-wrap elementor-element-populated\">\n\t\t\t\t\t\t\t\t<div class=\"elementor-element elementor-element-2108ca1 elementor-widget elementor-widget-image\" data-id=\"2108ca1\" data-element_type=\"widget\" data-widget_type=\"image.default\">\n\t\t\t\t<div class=\"elementor-widget-container\">\n\t\t\t\t\t\t\t\t\t\t\t\t\t\t\t<img loading=\"lazy\" decoding=\"async\" width=\"2119\" height=\"1414\" src=\"https:\/\/emediatest.fr\/growthstars\/wp-content\/uploads\/2023\/08\/Team-meeting-bright.jpeg\" class=\"attachment-full size-full wp-image-63\" alt=\"\" srcset=\"https:\/\/emediatest.fr\/growthstars\/wp-content\/uploads\/2023\/08\/Team-meeting-bright.jpeg 2119w, https:\/\/emediatest.fr\/growthstars\/wp-content\/uploads\/2023\/08\/Team-meeting-bright-300x200.jpeg 300w, https:\/\/emediatest.fr\/growthstars\/wp-content\/uploads\/2023\/08\/Team-meeting-bright-1024x683.jpeg 1024w, https:\/\/emediatest.fr\/growthstars\/wp-content\/uploads\/2023\/08\/Team-meeting-bright-768x512.jpeg 768w, https:\/\/emediatest.fr\/growthstars\/wp-content\/uploads\/2023\/08\/Team-meeting-bright-1536x1025.jpeg 1536w, https:\/\/emediatest.fr\/growthstars\/wp-content\/uploads\/2023\/08\/Team-meeting-bright-2048x1367.jpeg 2048w\" sizes=\"auto, (max-width: 2119px) 100vw, 2119px\" \/>\t\t\t\t\t\t\t\t\t\t\t\t\t\t\t<\/div>\n\t\t\t\t<\/div>\n\t\t\t\t\t<\/div>\n\t\t<\/div>\n\t\t\t\t\t\t\t<\/div>\n\t\t<\/section>\n\t\t\t\t\t\t\t<\/div>\n\t\t","protected":false},"excerpt":{"rendered":"<p>Sales as a Service Unser erfahrenes Team entwickelt ma\u00dfgeschneiderte Dialogkonzepte, die das ICP unserer Kunden von Anfang an miteinbeziehen. Durch das Zusammenspiel zwischen datengetriebener Lead-Generierung, individueller Kundenansprache sowie dem klaren Fokus auf Neukundenakquise sind wir Ihr erfolgreicher Partner f\u00fcr Umsatzwachstum. Was wir unter Sales verstehen\u200b Wir verstehen, dass viele Unternehmen keine Lust oder Zeit haben, [&hellip;]<\/p>\n","protected":false},"author":1,"featured_media":0,"parent":0,"menu_order":0,"comment_status":"closed","ping_status":"closed","template":"","meta":{"footnotes":""},"class_list":["post-55","page","type-page","status-publish","hentry"],"_links":{"self":[{"href":"https:\/\/emediatest.fr\/growthstars\/wp-json\/wp\/v2\/pages\/55","targetHints":{"allow":["GET"]}}],"collection":[{"href":"https:\/\/emediatest.fr\/growthstars\/wp-json\/wp\/v2\/pages"}],"about":[{"href":"https:\/\/emediatest.fr\/growthstars\/wp-json\/wp\/v2\/types\/page"}],"author":[{"embeddable":true,"href":"https:\/\/emediatest.fr\/growthstars\/wp-json\/wp\/v2\/users\/1"}],"replies":[{"embeddable":true,"href":"https:\/\/emediatest.fr\/growthstars\/wp-json\/wp\/v2\/comments?post=55"}],"version-history":[{"count":27,"href":"https:\/\/emediatest.fr\/growthstars\/wp-json\/wp\/v2\/pages\/55\/revisions"}],"predecessor-version":[{"id":269,"href":"https:\/\/emediatest.fr\/growthstars\/wp-json\/wp\/v2\/pages\/55\/revisions\/269"}],"wp:attachment":[{"href":"https:\/\/emediatest.fr\/growthstars\/wp-json\/wp\/v2\/media?parent=55"}],"curies":[{"name":"wp","href":"https:\/\/api.w.org\/{rel}","templated":true}]}}