{"id":69,"date":"2023-08-15T15:07:00","date_gmt":"2023-08-15T13:07:00","guid":{"rendered":"https:\/\/emediatest.fr\/growthstars\/?page_id=69"},"modified":"2023-09-07T21:05:17","modified_gmt":"2023-09-07T19:05:17","slug":"growthstars-talente","status":"publish","type":"page","link":"https:\/\/emediatest.fr\/growthstars\/growthstars-talente\/","title":{"rendered":"GrowthStars Talente"},"content":{"rendered":"\t\t<div data-elementor-type=\"wp-page\" data-elementor-id=\"69\" class=\"elementor elementor-69\" data-elementor-post-type=\"page\">\n\t\t\t\t\t\t\t\t\t<section class=\"elementor-section elementor-top-section elementor-element elementor-element-3a392d2 elementor-section-full_width elementor-section-height-min-height elementor-section-height-default elementor-section-items-middle\" data-id=\"3a392d2\" data-element_type=\"section\">\n\t\t\t\t\t\t<div class=\"elementor-container elementor-column-gap-default\">\n\t\t\t\t\t<div class=\"elementor-column elementor-col-50 elementor-top-column elementor-element elementor-element-27fde1c elementor-invisible\" data-id=\"27fde1c\" data-element_type=\"column\" data-settings=\"{&quot;animation&quot;:&quot;fadeInLeft&quot;}\">\n\t\t\t<div class=\"elementor-widget-wrap elementor-element-populated\">\n\t\t\t\t\t\t\t\t<div class=\"elementor-element elementor-element-da58e58 elementor-widget elementor-widget-image\" data-id=\"da58e58\" data-element_type=\"widget\" data-widget_type=\"image.default\">\n\t\t\t\t<div class=\"elementor-widget-container\">\n\t\t\t<style>\/*! elementor - v3.15.0 - 20-08-2023 *\/\n.elementor-widget-image{text-align:center}.elementor-widget-image a{display:inline-block}.elementor-widget-image a img[src$=\".svg\"]{width:48px}.elementor-widget-image img{vertical-align:middle;display:inline-block}<\/style>\t\t\t\t\t\t\t\t\t\t\t\t<img loading=\"lazy\" decoding=\"async\" width=\"2160\" height=\"1440\" src=\"https:\/\/emediatest.fr\/growthstars\/wp-content\/uploads\/2023\/08\/telechargement.webp\" class=\"attachment-full size-full wp-image-71\" alt=\"\" srcset=\"https:\/\/emediatest.fr\/growthstars\/wp-content\/uploads\/2023\/08\/telechargement.webp 2160w, https:\/\/emediatest.fr\/growthstars\/wp-content\/uploads\/2023\/08\/telechargement-300x200.webp 300w, https:\/\/emediatest.fr\/growthstars\/wp-content\/uploads\/2023\/08\/telechargement-1024x683.webp 1024w, https:\/\/emediatest.fr\/growthstars\/wp-content\/uploads\/2023\/08\/telechargement-768x512.webp 768w, https:\/\/emediatest.fr\/growthstars\/wp-content\/uploads\/2023\/08\/telechargement-1536x1024.webp 1536w, https:\/\/emediatest.fr\/growthstars\/wp-content\/uploads\/2023\/08\/telechargement-2048x1365.webp 2048w\" sizes=\"auto, (max-width: 2160px) 100vw, 2160px\" \/>\t\t\t\t\t\t\t\t\t\t\t\t\t\t\t<\/div>\n\t\t\t\t<\/div>\n\t\t\t\t\t<\/div>\n\t\t<\/div>\n\t\t\t\t<div class=\"elementor-column elementor-col-50 elementor-top-column elementor-element elementor-element-28f94fa elementor-invisible\" data-id=\"28f94fa\" data-element_type=\"column\" data-settings=\"{&quot;animation&quot;:&quot;fadeInRight&quot;}\">\n\t\t\t<div class=\"elementor-widget-wrap elementor-element-populated\">\n\t\t\t\t\t\t\t\t<div class=\"elementor-element elementor-element-1c8637d elementor-widget elementor-widget-heading\" data-id=\"1c8637d\" data-element_type=\"widget\" data-widget_type=\"heading.default\">\n\t\t\t\t<div class=\"elementor-widget-container\">\n\t\t\t<style>\/*! elementor - v3.15.0 - 20-08-2023 *\/\n.elementor-heading-title{padding:0;margin:0;line-height:1}.elementor-widget-heading .elementor-heading-title[class*=elementor-size-]>a{color:inherit;font-size:inherit;line-height:inherit}.elementor-widget-heading .elementor-heading-title.elementor-size-small{font-size:15px}.elementor-widget-heading .elementor-heading-title.elementor-size-medium{font-size:19px}.elementor-widget-heading .elementor-heading-title.elementor-size-large{font-size:29px}.elementor-widget-heading .elementor-heading-title.elementor-size-xl{font-size:39px}.elementor-widget-heading .elementor-heading-title.elementor-size-xxl{font-size:59px}<\/style><h2 class=\"elementor-heading-title elementor-size-default\">GrowthStars Talente<\/h2>\t\t<\/div>\n\t\t\t\t<\/div>\n\t\t\t\t<div class=\"elementor-element elementor-element-7200668 elementor-widget elementor-widget-text-editor\" data-id=\"7200668\" data-element_type=\"widget\" data-widget_type=\"text-editor.default\">\n\t\t\t\t<div class=\"elementor-widget-container\">\n\t\t\t<style>\/*! elementor - v3.15.0 - 20-08-2023 *\/\n.elementor-widget-text-editor.elementor-drop-cap-view-stacked .elementor-drop-cap{background-color:#69727d;color:#fff}.elementor-widget-text-editor.elementor-drop-cap-view-framed .elementor-drop-cap{color:#69727d;border:3px solid;background-color:transparent}.elementor-widget-text-editor:not(.elementor-drop-cap-view-default) .elementor-drop-cap{margin-top:8px}.elementor-widget-text-editor:not(.elementor-drop-cap-view-default) .elementor-drop-cap-letter{width:1em;height:1em}.elementor-widget-text-editor .elementor-drop-cap{float:left;text-align:center;line-height:1;font-size:50px}.elementor-widget-text-editor .elementor-drop-cap-letter{display:inline-block}<\/style>\t\t\t\t<div data-editor-content=\"{&quot;blocks&quot;:[{&quot;key&quot;:&quot;20vjk&quot;,&quot;text&quot;:&quot;Unser erfahrenes Team entwickelt ma\u00dfgeschneiderte Dialogkonzepte, die das ICP unserer Kunden von Anfang an miteinbeziehen. Durch das Zusammenspiel zwischen datengetriebener Lead-Generierung, individueller Kundenansprache sowie dem klaren Fokus auf Neukundenakquise sind wir Ihr erfolgreicher Partner f\u00fcr Umsatzwachstum.&quot;,&quot;type&quot;:&quot;unstyled&quot;,&quot;depth&quot;:0,&quot;inlineStyleRanges&quot;:[],&quot;entityRanges&quot;:[],&quot;data&quot;:{}}],&quot;entityMap&quot;:{}}\"><div data-editor-content=\"{&quot;blocks&quot;:[{&quot;key&quot;:&quot;3qkc2&quot;,&quot;text&quot;:&quot;Im Rahmen der Mitarbeiter-\u00dcberlassung bieten wir Ihnen\u00a0 erfahrenes Personal welches Sie f\u00fcr Ihren Wachstum ben\u00f6tigen. Ob tempor\u00e4re Projekte oder zus\u00e4tzliche Ressourcen f\u00fcr den Vertrieb \u2013 unsere Experten stehen Ihnen zur Verf\u00fcgung. Vertrauen Sie auf GrowthStars f\u00fcr professionelle Unterst\u00fctzung und optimales Teamwork.&quot;,&quot;type&quot;:&quot;unstyled&quot;,&quot;depth&quot;:0,&quot;inlineStyleRanges&quot;:[],&quot;entityRanges&quot;:[],&quot;data&quot;:{}}],&quot;entityMap&quot;:{}}\">Im Rahmen der Mitarbeiter-\u00dcberlassung bieten wir Ihnen\u00a0 erfahrenes Personal welches Sie f\u00fcr Ihren Wachstum ben\u00f6tigen. Ob tempor\u00e4re Projekte oder zus\u00e4tzliche Ressourcen f\u00fcr den Vertrieb \u2013 unsere Experten stehen Ihnen zur Verf\u00fcgung. Vertrauen Sie auf GrowthStars f\u00fcr professionelle Unterst\u00fctzung und optimales Teamwork.<\/div><\/div>\t\t\t\t\t\t<\/div>\n\t\t\t\t<\/div>\n\t\t\t\t<div class=\"elementor-element elementor-element-b0b7b8c elementor-widget elementor-widget-button\" data-id=\"b0b7b8c\" data-element_type=\"widget\" data-widget_type=\"button.default\">\n\t\t\t\t<div class=\"elementor-widget-container\">\n\t\t\t\t\t<div class=\"elementor-button-wrapper\">\n\t\t\t<a class=\"elementor-button elementor-button-link elementor-size-sm\" href=\"#\">\n\t\t\t\t\t\t<span class=\"elementor-button-content-wrapper\">\n\t\t\t\t\t\t<span class=\"elementor-button-text\">Mehr dazu<\/span>\n\t\t<\/span>\n\t\t\t\t\t<\/a>\n\t\t<\/div>\n\t\t\t\t<\/div>\n\t\t\t\t<\/div>\n\t\t\t\t\t<\/div>\n\t\t<\/div>\n\t\t\t\t\t\t\t<\/div>\n\t\t<\/section>\n\t\t\t\t<section class=\"elementor-section elementor-top-section elementor-element elementor-element-4dc6912 elementor-section-full_width elementor-section-height-min-height elementor-section-height-default elementor-section-items-middle elementor-invisible\" data-id=\"4dc6912\" data-element_type=\"section\" data-settings=\"{&quot;animation&quot;:&quot;fadeInUp&quot;}\">\n\t\t\t\t\t\t<div class=\"elementor-container elementor-column-gap-default\">\n\t\t\t\t\t<div class=\"elementor-column elementor-col-16 elementor-top-column elementor-element elementor-element-f55cbe9\" data-id=\"f55cbe9\" data-element_type=\"column\">\n\t\t\t<div class=\"elementor-widget-wrap\">\n\t\t\t\t\t\t\t\t\t<\/div>\n\t\t<\/div>\n\t\t\t\t<div class=\"elementor-column elementor-col-66 elementor-top-column elementor-element elementor-element-1d8cd89\" data-id=\"1d8cd89\" data-element_type=\"column\" data-settings=\"{&quot;background_background&quot;:&quot;classic&quot;}\">\n\t\t\t<div class=\"elementor-widget-wrap elementor-element-populated\">\n\t\t\t\t\t\t\t\t<div class=\"elementor-element elementor-element-8089c83 elementor-widget elementor-widget-image\" data-id=\"8089c83\" data-element_type=\"widget\" data-widget_type=\"image.default\">\n\t\t\t\t<div class=\"elementor-widget-container\">\n\t\t\t\t\t\t\t\t\t\t\t\t\t\t\t<img loading=\"lazy\" decoding=\"async\" width=\"800\" height=\"450\" src=\"https:\/\/emediatest.fr\/growthstars\/wp-content\/uploads\/2023\/08\/team1-1024x576.jpg\" class=\"attachment-large size-large wp-image-72\" alt=\"\" srcset=\"https:\/\/emediatest.fr\/growthstars\/wp-content\/uploads\/2023\/08\/team1-1024x576.jpg 1024w, https:\/\/emediatest.fr\/growthstars\/wp-content\/uploads\/2023\/08\/team1-300x169.jpg 300w, https:\/\/emediatest.fr\/growthstars\/wp-content\/uploads\/2023\/08\/team1-768x432.jpg 768w, https:\/\/emediatest.fr\/growthstars\/wp-content\/uploads\/2023\/08\/team1.jpg 1254w\" sizes=\"auto, (max-width: 800px) 100vw, 800px\" \/>\t\t\t\t\t\t\t\t\t\t\t\t\t\t\t<\/div>\n\t\t\t\t<\/div>\n\t\t\t\t\t<\/div>\n\t\t<\/div>\n\t\t\t\t<div class=\"elementor-column elementor-col-16 elementor-top-column elementor-element elementor-element-1ad7fa4 elementor-hidden-tablet elementor-hidden-mobile\" data-id=\"1ad7fa4\" data-element_type=\"column\">\n\t\t\t<div class=\"elementor-widget-wrap\">\n\t\t\t\t\t\t\t\t\t<\/div>\n\t\t<\/div>\n\t\t\t\t\t\t\t<\/div>\n\t\t<\/section>\n\t\t\t\t<section class=\"elementor-section elementor-top-section elementor-element elementor-element-b40795d elementor-section-full_width elementor-section-height-min-height elementor-section-height-default elementor-section-items-middle elementor-invisible\" data-id=\"b40795d\" data-element_type=\"section\" data-settings=\"{&quot;animation&quot;:&quot;fadeInUp&quot;}\">\n\t\t\t\t\t\t<div class=\"elementor-container elementor-column-gap-default\">\n\t\t\t\t\t<div class=\"elementor-column elementor-col-16 elementor-top-column elementor-element elementor-element-a465f4f elementor-hidden-tablet elementor-hidden-mobile\" data-id=\"a465f4f\" data-element_type=\"column\">\n\t\t\t<div class=\"elementor-widget-wrap\">\n\t\t\t\t\t\t\t\t\t<\/div>\n\t\t<\/div>\n\t\t\t\t<div class=\"elementor-column elementor-col-66 elementor-top-column elementor-element elementor-element-656b92e\" data-id=\"656b92e\" data-element_type=\"column\" data-settings=\"{&quot;background_background&quot;:&quot;classic&quot;}\">\n\t\t\t<div class=\"elementor-widget-wrap elementor-element-populated\">\n\t\t\t\t\t\t\t\t<div class=\"elementor-element elementor-element-0426580 elementor-widget elementor-widget-heading\" data-id=\"0426580\" data-element_type=\"widget\" data-widget_type=\"heading.default\">\n\t\t\t\t<div class=\"elementor-widget-container\">\n\t\t\t<h2 class=\"elementor-heading-title elementor-size-default\">Unsere Talente<\/h2>\t\t<\/div>\n\t\t\t\t<\/div>\n\t\t\t\t<div class=\"elementor-element elementor-element-5206481 elementor-widget elementor-widget-text-editor\" data-id=\"5206481\" data-element_type=\"widget\" data-widget_type=\"text-editor.default\">\n\t\t\t\t<div class=\"elementor-widget-container\">\n\t\t\t\t\t\t\t<div data-editor-content=\"{&quot;blocks&quot;:[{&quot;key&quot;:&quot;3a4la&quot;,&quot;text&quot;:&quot;GrowthStars Talents bietet die M\u00f6glichkeit, Kaltakquise-Experten f\u00fcr Ihr Unternehmen durch Mitarbeiter\u00fcberlassung einzusetzen. Unsere spezialisierten Fachkr\u00e4fte unterst\u00fctzen Sie dabei, effektive Kaltakquisen durchzuf\u00fchren und neue Gesch\u00e4ftschancen zu erschlie\u00dfen.&quot;,&quot;type&quot;:&quot;unstyled&quot;,&quot;depth&quot;:0,&quot;inlineStyleRanges&quot;:[],&quot;entityRanges&quot;:[],&quot;data&quot;:{}},{&quot;key&quot;:&quot;7lqdc&quot;,&quot;text&quot;:&quot;&quot;,&quot;type&quot;:&quot;unstyled&quot;,&quot;depth&quot;:0,&quot;inlineStyleRanges&quot;:[],&quot;entityRanges&quot;:[],&quot;data&quot;:{}},{&quot;key&quot;:&quot;1c2vm&quot;,&quot;text&quot;:&quot;Durch die \u00dcberlassung unserer Experten erhalten Sie Zugang zu einem talentierten Team, das \u00fcber umfangreiches Know-how in der Kaltakquise verf\u00fcgt. Unsere Mitarbeiter sind mit den neuesten Strategien und Techniken vertraut, um potenzielle Kunden anzusprechen und qualifizierte Leads zu generieren.&quot;,&quot;type&quot;:&quot;unstyled&quot;,&quot;depth&quot;:0,&quot;inlineStyleRanges&quot;:[],&quot;entityRanges&quot;:[],&quot;data&quot;:{}},{&quot;key&quot;:&quot;8lsa&quot;,&quot;text&quot;:&quot;&quot;,&quot;type&quot;:&quot;unstyled&quot;,&quot;depth&quot;:0,&quot;inlineStyleRanges&quot;:[],&quot;entityRanges&quot;:[],&quot;data&quot;:{}},{&quot;key&quot;:&quot;4ofn6&quot;,&quot;text&quot;:&quot;Mit GrowthStars k\u00f6nnen Sie auf erfahrene Kaltakquise-Profis zugreifen, ohne langwierige Einstellungsprozesse durchlaufen zu m\u00fcssen. Unsere Experten passen sich nahtlos in Ihr Unternehmen ein und arbeiten eng mit Ihrem Team zusammen, um Ihre Vertriebsziele zu erreichen.&quot;,&quot;type&quot;:&quot;unstyled&quot;,&quot;depth&quot;:0,&quot;inlineStyleRanges&quot;:[],&quot;entityRanges&quot;:[],&quot;data&quot;:{}},{&quot;key&quot;:&quot;8fv5j&quot;,&quot;text&quot;:&quot;&quot;,&quot;type&quot;:&quot;unstyled&quot;,&quot;depth&quot;:0,&quot;inlineStyleRanges&quot;:[],&quot;entityRanges&quot;:[],&quot;data&quot;:{}},{&quot;key&quot;:&quot;f18lm&quot;,&quot;text&quot;:&quot;Vertrauen Sie auf GrowthStars, um Ihnen hochqualifizierte Kaltakquise-Experten zur Verf\u00fcgung zu stellen und Ihren Gesch\u00e4ftserfolg zu steigern.&quot;,&quot;type&quot;:&quot;unstyled&quot;,&quot;depth&quot;:0,&quot;inlineStyleRanges&quot;:[],&quot;entityRanges&quot;:[],&quot;data&quot;:{}}],&quot;entityMap&quot;:{}}\"><div class=\"\" data-block=\"true\" data-editor=\"8agq4\" data-offset-key=\"8qv3o-0-0\"><div class=\"public-DraftStyleDefault-block public-DraftStyleDefault-ltr\" data-offset-key=\"8qv3o-0-0\"><span data-offset-key=\"8qv3o-0-0\">GrowthStars Talents bietet die M\u00f6glichkeit, Kaltakquise-Experten f\u00fcr Ihr Unternehmen durch Mitarbeiter\u00fcberlassung einzusetzen. Unsere spezialisierten Fachkr\u00e4fte unterst\u00fctzen Sie dabei, effektive Kaltakquisen durchzuf\u00fchren und neue Gesch\u00e4ftschancen zu erschlie\u00dfen.<\/span><\/div><\/div><div class=\"\" data-block=\"true\" data-editor=\"8agq4\" data-offset-key=\"1s31o-0-0\"><div class=\"public-DraftStyleDefault-block public-DraftStyleDefault-ltr\" data-offset-key=\"1s31o-0-0\"><span data-offset-key=\"1s31o-0-0\">\u00a0<\/span><\/div><\/div><div class=\"\" data-block=\"true\" data-editor=\"8agq4\" data-offset-key=\"aookg-0-0\"><div class=\"public-DraftStyleDefault-block public-DraftStyleDefault-ltr\" data-offset-key=\"aookg-0-0\"><span data-offset-key=\"aookg-0-0\">Durch die \u00dcberlassung unserer Experten erhalten Sie Zugang zu einem talentierten Team, das \u00fcber umfangreiches Know-how in der Kaltakquise verf\u00fcgt. Unsere Mitarbeiter sind mit den neuesten Strategien und Techniken vertraut, um potenzielle Kunden anzusprechen und qualifizierte Leads zu generieren.<\/span><\/div><\/div><div class=\"\" data-block=\"true\" data-editor=\"8agq4\" data-offset-key=\"a1i5m-0-0\"><div class=\"public-DraftStyleDefault-block public-DraftStyleDefault-ltr\" data-offset-key=\"a1i5m-0-0\"><span data-offset-key=\"a1i5m-0-0\">\u00a0<\/span><\/div><\/div><div class=\"\" data-block=\"true\" data-editor=\"8agq4\" data-offset-key=\"8ek5f-0-0\"><div class=\"public-DraftStyleDefault-block public-DraftStyleDefault-ltr\" data-offset-key=\"8ek5f-0-0\"><span data-offset-key=\"8ek5f-0-0\">Mit GrowthStars k\u00f6nnen Sie auf erfahrene Kaltakquise-Profis zugreifen, ohne langwierige Einstellungsprozesse durchlaufen zu m\u00fcssen. Unsere Experten passen sich nahtlos in Ihr Unternehmen ein und arbeiten eng mit Ihrem Team zusammen, um Ihre Vertriebsziele zu erreichen.<\/span><\/div><\/div><div class=\"\" data-block=\"true\" data-editor=\"8agq4\" data-offset-key=\"cmrhe-0-0\"><div class=\"public-DraftStyleDefault-block public-DraftStyleDefault-ltr\" data-offset-key=\"cmrhe-0-0\"><span data-offset-key=\"cmrhe-0-0\">\u00a0<\/span><\/div><\/div><div class=\"\" data-block=\"true\" data-editor=\"8agq4\" data-offset-key=\"9alpo-0-0\"><div class=\"public-DraftStyleDefault-block public-DraftStyleDefault-ltr\" data-offset-key=\"9alpo-0-0\"><span data-offset-key=\"9alpo-0-0\">Vertrauen Sie auf GrowthStars, um Ihnen hochqualifizierte Kaltakquise-Experten zur Verf\u00fcgung zu stellen und Ihren Gesch\u00e4ftserfolg zu steigern.<\/span><\/div><\/div><\/div>\t\t\t\t\t\t<\/div>\n\t\t\t\t<\/div>\n\t\t\t\t<div class=\"elementor-element elementor-element-fe6bbee elementor-widget elementor-widget-spacer\" data-id=\"fe6bbee\" data-element_type=\"widget\" data-widget_type=\"spacer.default\">\n\t\t\t\t<div class=\"elementor-widget-container\">\n\t\t\t<style>\/*! elementor - v3.15.0 - 20-08-2023 *\/\n.elementor-column .elementor-spacer-inner{height:var(--spacer-size)}.e-con{--container-widget-width:100%}.e-con-inner>.elementor-widget-spacer,.e-con>.elementor-widget-spacer{width:var(--container-widget-width,var(--spacer-size));--align-self:var(--container-widget-align-self,initial);--flex-shrink:0}.e-con-inner>.elementor-widget-spacer>.elementor-widget-container,.e-con-inner>.elementor-widget-spacer>.elementor-widget-container>.elementor-spacer,.e-con>.elementor-widget-spacer>.elementor-widget-container,.e-con>.elementor-widget-spacer>.elementor-widget-container>.elementor-spacer{height:100%}.e-con-inner>.elementor-widget-spacer>.elementor-widget-container>.elementor-spacer>.elementor-spacer-inner,.e-con>.elementor-widget-spacer>.elementor-widget-container>.elementor-spacer>.elementor-spacer-inner{height:var(--container-widget-height,var(--spacer-size))}<\/style>\t\t<div class=\"elementor-spacer\">\n\t\t\t<div class=\"elementor-spacer-inner\"><\/div>\n\t\t<\/div>\n\t\t\t\t<\/div>\n\t\t\t\t<\/div>\n\t\t\t\t\t<\/div>\n\t\t<\/div>\n\t\t\t\t<div class=\"elementor-column elementor-col-16 elementor-top-column elementor-element elementor-element-8eede88\" data-id=\"8eede88\" data-element_type=\"column\">\n\t\t\t<div class=\"elementor-widget-wrap\">\n\t\t\t\t\t\t\t\t\t<\/div>\n\t\t<\/div>\n\t\t\t\t\t\t\t<\/div>\n\t\t<\/section>\n\t\t\t\t\t\t\t<\/div>\n\t\t","protected":false},"excerpt":{"rendered":"<p>GrowthStars Talente Im Rahmen der Mitarbeiter-\u00dcberlassung bieten wir Ihnen\u00a0 erfahrenes Personal welches Sie f\u00fcr Ihren Wachstum ben\u00f6tigen. Ob tempor\u00e4re Projekte oder zus\u00e4tzliche Ressourcen f\u00fcr den Vertrieb \u2013 unsere Experten stehen Ihnen zur Verf\u00fcgung. Vertrauen Sie auf GrowthStars f\u00fcr professionelle Unterst\u00fctzung und optimales Teamwork. Mehr dazu Unsere Talente GrowthStars Talents bietet die M\u00f6glichkeit, Kaltakquise-Experten f\u00fcr Ihr [&hellip;]<\/p>\n","protected":false},"author":1,"featured_media":0,"parent":0,"menu_order":0,"comment_status":"closed","ping_status":"closed","template":"","meta":{"footnotes":""},"class_list":["post-69","page","type-page","status-publish","hentry"],"_links":{"self":[{"href":"https:\/\/emediatest.fr\/growthstars\/wp-json\/wp\/v2\/pages\/69","targetHints":{"allow":["GET"]}}],"collection":[{"href":"https:\/\/emediatest.fr\/growthstars\/wp-json\/wp\/v2\/pages"}],"about":[{"href":"https:\/\/emediatest.fr\/growthstars\/wp-json\/wp\/v2\/types\/page"}],"author":[{"embeddable":true,"href":"https:\/\/emediatest.fr\/growthstars\/wp-json\/wp\/v2\/users\/1"}],"replies":[{"embeddable":true,"href":"https:\/\/emediatest.fr\/growthstars\/wp-json\/wp\/v2\/comments?post=69"}],"version-history":[{"count":25,"href":"https:\/\/emediatest.fr\/growthstars\/wp-json\/wp\/v2\/pages\/69\/revisions"}],"predecessor-version":[{"id":281,"href":"https:\/\/emediatest.fr\/growthstars\/wp-json\/wp\/v2\/pages\/69\/revisions\/281"}],"wp:attachment":[{"href":"https:\/\/emediatest.fr\/growthstars\/wp-json\/wp\/v2\/media?parent=69"}],"curies":[{"name":"wp","href":"https:\/\/api.w.org\/{rel}","templated":true}]}}