{"id":62,"date":"2023-05-04T17:13:28","date_gmt":"2023-05-04T15:13:28","guid":{"rendered":"https:\/\/emediatest.fr\/mydgd\/?page_id=62"},"modified":"2023-05-05T10:01:13","modified_gmt":"2023-05-05T08:01:13","slug":"a-propos","status":"publish","type":"page","link":"https:\/\/emediatest.fr\/mydgd\/a-propos\/","title":{"rendered":"\u00e0 propos"},"content":{"rendered":"\t\t<div data-elementor-type=\"wp-page\" data-elementor-id=\"62\" class=\"elementor elementor-62\" data-elementor-post-type=\"page\">\n\t\t\t\t\t\t<section class=\"elementor-section elementor-top-section elementor-element elementor-element-b0b3fd8 elementor-section-height-min-height elementor-section-boxed elementor-section-height-default elementor-section-items-middle\" data-id=\"b0b3fd8\" data-element_type=\"section\" data-e-type=\"section\" data-settings=\"{&quot;background_background&quot;:&quot;classic&quot;}\">\n\t\t\t\t\t\t<div class=\"elementor-container elementor-column-gap-default\">\n\t\t\t\t\t<div class=\"elementor-column elementor-col-100 elementor-top-column elementor-element elementor-element-608bee0\" data-id=\"608bee0\" data-element_type=\"column\" data-e-type=\"column\">\n\t\t\t<div class=\"elementor-widget-wrap elementor-element-populated\">\n\t\t\t\t\t\t<div class=\"elementor-element elementor-element-0bbeba7 elementor-widget elementor-widget-heading\" data-id=\"0bbeba7\" data-element_type=\"widget\" data-e-type=\"widget\" data-widget_type=\"heading.default\">\n\t\t\t\t<div class=\"elementor-widget-container\">\n\t\t\t\t\t<h2 class=\"elementor-heading-title elementor-size-default\">MYDGD, VOTRE DIAGNOSTIC DE GOUVERNANCE DIGITALE EN 1 CLIC !<\/h2>\t\t\t\t<\/div>\n\t\t\t\t<\/div>\n\t\t\t\t\t<\/div>\n\t\t<\/div>\n\t\t\t\t\t<\/div>\n\t\t<\/section>\n\t\t\t\t<section class=\"elementor-section elementor-top-section elementor-element elementor-element-b475458 elementor-section-boxed elementor-section-height-default elementor-section-height-default\" data-id=\"b475458\" data-element_type=\"section\" data-e-type=\"section\">\n\t\t\t\t\t\t<div class=\"elementor-container elementor-column-gap-default\">\n\t\t\t\t\t<div class=\"elementor-column elementor-col-50 elementor-top-column elementor-element elementor-element-52ad1fc\" data-id=\"52ad1fc\" data-element_type=\"column\" data-e-type=\"column\">\n\t\t\t<div class=\"elementor-widget-wrap elementor-element-populated\">\n\t\t\t\t\t\t<div class=\"elementor-element elementor-element-7f42384 elementor-widget elementor-widget-heading\" data-id=\"7f42384\" data-element_type=\"widget\" data-e-type=\"widget\" data-widget_type=\"heading.default\">\n\t\t\t\t<div class=\"elementor-widget-container\">\n\t\t\t\t\t<h2 class=\"elementor-heading-title elementor-size-default\">RENCONTREZ NOTRE \u00c9QUIPE<\/h2>\t\t\t\t<\/div>\n\t\t\t\t<\/div>\n\t\t\t\t<div class=\"elementor-element elementor-element-6bba2a0 elementor-widget elementor-widget-text-editor\" data-id=\"6bba2a0\" data-element_type=\"widget\" data-e-type=\"widget\" data-widget_type=\"text-editor.default\">\n\t\t\t\t<div class=\"elementor-widget-container\">\n\t\t\t\t\t\t\t\t\t<p>La force de vos \u00e9quipes : leur latitude. Elles renforcent votre Service Client. Nous favorisons leur esprit positif et volontaire. Si comme nous, vous n\u2019avez de cesse de vous concentrer sur l\u2019enrichissement des exp\u00e9riences et de renforcer le succ\u00e8s et le Bonheur au travail. Ceci sera votre succ\u00e8s.<\/p><p>La gestion de la performance passe, par des produits, mais aussi par des r\u00e8gles avec un ordre en mouvement constant. Nous sommes aux services de ces valeurs et de vos ambitions. Aidez nous, par cette d\u00e9marche, \u00e0 cr\u00e9er le contexte et des logiciels de haut niveaux, pour optimiser votre quotidien.<\/p>\t\t\t\t\t\t\t\t<\/div>\n\t\t\t\t<\/div>\n\t\t\t\t\t<\/div>\n\t\t<\/div>\n\t\t\t\t<div class=\"elementor-column elementor-col-50 elementor-top-column elementor-element elementor-element-90ac7c1\" data-id=\"90ac7c1\" data-element_type=\"column\" data-e-type=\"column\">\n\t\t\t<div class=\"elementor-widget-wrap elementor-element-populated\">\n\t\t\t\t\t\t<div class=\"elementor-element elementor-element-4395d53 elementor-widget elementor-widget-image\" data-id=\"4395d53\" data-element_type=\"widget\" data-e-type=\"widget\" data-widget_type=\"image.default\">\n\t\t\t\t<div class=\"elementor-widget-container\">\n\t\t\t\t\t\t\t\t\t\t\t\t\t\t\t<img decoding=\"async\" src=\"https:\/\/emediatest.fr\/mydgd\/wp-content\/plugins\/elementor\/assets\/images\/placeholder.png\" title=\"\" alt=\"\" loading=\"lazy\" \/>\t\t\t\t\t\t\t\t\t\t\t\t\t\t\t<\/div>\n\t\t\t\t<\/div>\n\t\t\t\t\t<\/div>\n\t\t<\/div>\n\t\t\t\t\t<\/div>\n\t\t<\/section>\n\t\t\t\t<section class=\"elementor-section elementor-top-section elementor-element elementor-element-3b5d9e1 elementor-section-boxed elementor-section-height-default elementor-section-height-default\" data-id=\"3b5d9e1\" data-element_type=\"section\" data-e-type=\"section\">\n\t\t\t\t\t\t<div class=\"elementor-container elementor-column-gap-default\">\n\t\t\t\t\t<div class=\"elementor-column elementor-col-100 elementor-top-column elementor-element elementor-element-fa17610\" data-id=\"fa17610\" data-element_type=\"column\" data-e-type=\"column\">\n\t\t\t<div class=\"elementor-widget-wrap elementor-element-populated\">\n\t\t\t\t\t\t<div class=\"elementor-element elementor-element-387db1c elementor-widget elementor-widget-heading\" data-id=\"387db1c\" data-element_type=\"widget\" data-e-type=\"widget\" data-widget_type=\"heading.default\">\n\t\t\t\t<div class=\"elementor-widget-container\">\n\t\t\t\t\t<h2 class=\"elementor-heading-title elementor-size-default\">D\u00e9couvrez notre \u00e9quipe !<\/h2>\t\t\t\t<\/div>\n\t\t\t\t<\/div>\n\t\t\t\t<section class=\"elementor-section elementor-inner-section elementor-element elementor-element-3f93614 elementor-section-boxed elementor-section-height-default elementor-section-height-default\" data-id=\"3f93614\" data-element_type=\"section\" data-e-type=\"section\">\n\t\t\t\t\t\t<div class=\"elementor-container elementor-column-gap-default\">\n\t\t\t\t\t<div class=\"elementor-column elementor-col-25 elementor-inner-column elementor-element elementor-element-84be0da\" data-id=\"84be0da\" data-element_type=\"column\" data-e-type=\"column\">\n\t\t\t<div class=\"elementor-widget-wrap elementor-element-populated\">\n\t\t\t\t\t\t<div class=\"elementor-element elementor-element-041c483 elementor-widget elementor-widget-image\" data-id=\"041c483\" data-element_type=\"widget\" data-e-type=\"widget\" data-widget_type=\"image.default\">\n\t\t\t\t<div class=\"elementor-widget-container\">\n\t\t\t\t\t\t\t\t\t\t\t\t\t\t\t<img fetchpriority=\"high\" decoding=\"async\" width=\"400\" height=\"400\" src=\"https:\/\/emediatest.fr\/mydgd\/wp-content\/uploads\/2023\/05\/vincent.jpg\" class=\"attachment-large size-large wp-image-104\" alt=\"\" srcset=\"https:\/\/emediatest.fr\/mydgd\/wp-content\/uploads\/2023\/05\/vincent.jpg 400w, https:\/\/emediatest.fr\/mydgd\/wp-content\/uploads\/2023\/05\/vincent-300x300.jpg 300w, https:\/\/emediatest.fr\/mydgd\/wp-content\/uploads\/2023\/05\/vincent-150x150.jpg 150w\" sizes=\"(max-width: 400px) 100vw, 400px\" \/>\t\t\t\t\t\t\t\t\t\t\t\t\t\t\t<\/div>\n\t\t\t\t<\/div>\n\t\t\t\t<div class=\"elementor-element elementor-element-a55dd0c elementor-widget elementor-widget-heading\" data-id=\"a55dd0c\" data-element_type=\"widget\" data-e-type=\"widget\" data-widget_type=\"heading.default\">\n\t\t\t\t<div class=\"elementor-widget-container\">\n\t\t\t\t\t<h2 class=\"elementor-heading-title elementor-size-default\">Vincent Alter<\/h2>\t\t\t\t<\/div>\n\t\t\t\t<\/div>\n\t\t\t\t\t<\/div>\n\t\t<\/div>\n\t\t\t\t<div class=\"elementor-column elementor-col-25 elementor-inner-column elementor-element elementor-element-5f1c821\" data-id=\"5f1c821\" data-element_type=\"column\" data-e-type=\"column\">\n\t\t\t<div class=\"elementor-widget-wrap elementor-element-populated\">\n\t\t\t\t\t\t<div class=\"elementor-element elementor-element-641176a elementor-widget elementor-widget-image\" data-id=\"641176a\" data-element_type=\"widget\" data-e-type=\"widget\" data-widget_type=\"image.default\">\n\t\t\t\t<div class=\"elementor-widget-container\">\n\t\t\t\t\t\t\t\t\t\t\t\t\t\t\t<img decoding=\"async\" width=\"400\" height=\"400\" src=\"https:\/\/emediatest.fr\/mydgd\/wp-content\/uploads\/2023\/05\/alain-.jpg\" class=\"attachment-large size-large wp-image-102\" alt=\"\" srcset=\"https:\/\/emediatest.fr\/mydgd\/wp-content\/uploads\/2023\/05\/alain-.jpg 400w, https:\/\/emediatest.fr\/mydgd\/wp-content\/uploads\/2023\/05\/alain--300x300.jpg 300w, https:\/\/emediatest.fr\/mydgd\/wp-content\/uploads\/2023\/05\/alain--150x150.jpg 150w\" sizes=\"(max-width: 400px) 100vw, 400px\" \/>\t\t\t\t\t\t\t\t\t\t\t\t\t\t\t<\/div>\n\t\t\t\t<\/div>\n\t\t\t\t<div class=\"elementor-element elementor-element-16838ce elementor-widget elementor-widget-heading\" data-id=\"16838ce\" data-element_type=\"widget\" data-e-type=\"widget\" data-widget_type=\"heading.default\">\n\t\t\t\t<div class=\"elementor-widget-container\">\n\t\t\t\t\t<h2 class=\"elementor-heading-title elementor-size-default\">Alain Chekroun<\/h2>\t\t\t\t<\/div>\n\t\t\t\t<\/div>\n\t\t\t\t\t<\/div>\n\t\t<\/div>\n\t\t\t\t<div class=\"elementor-column elementor-col-25 elementor-inner-column elementor-element elementor-element-769a7c4\" data-id=\"769a7c4\" data-element_type=\"column\" data-e-type=\"column\">\n\t\t\t<div class=\"elementor-widget-wrap elementor-element-populated\">\n\t\t\t\t\t\t<div class=\"elementor-element elementor-element-3d0639f elementor-widget elementor-widget-image\" data-id=\"3d0639f\" data-element_type=\"widget\" data-e-type=\"widget\" data-widget_type=\"image.default\">\n\t\t\t\t<div class=\"elementor-widget-container\">\n\t\t\t\t\t\t\t\t\t\t\t\t\t\t\t<img decoding=\"async\" width=\"400\" height=\"400\" src=\"https:\/\/emediatest.fr\/mydgd\/wp-content\/uploads\/2023\/05\/sidouane.jpg\" class=\"attachment-large size-large wp-image-101\" alt=\"\" srcset=\"https:\/\/emediatest.fr\/mydgd\/wp-content\/uploads\/2023\/05\/sidouane.jpg 400w, https:\/\/emediatest.fr\/mydgd\/wp-content\/uploads\/2023\/05\/sidouane-300x300.jpg 300w, https:\/\/emediatest.fr\/mydgd\/wp-content\/uploads\/2023\/05\/sidouane-150x150.jpg 150w\" sizes=\"(max-width: 400px) 100vw, 400px\" \/>\t\t\t\t\t\t\t\t\t\t\t\t\t\t\t<\/div>\n\t\t\t\t<\/div>\n\t\t\t\t<div class=\"elementor-element elementor-element-ce7e451 elementor-widget elementor-widget-heading\" data-id=\"ce7e451\" data-element_type=\"widget\" data-e-type=\"widget\" data-widget_type=\"heading.default\">\n\t\t\t\t<div class=\"elementor-widget-container\">\n\t\t\t\t\t<h2 class=\"elementor-heading-title elementor-size-default\">Sidoine HUNGBO<\/h2>\t\t\t\t<\/div>\n\t\t\t\t<\/div>\n\t\t\t\t\t<\/div>\n\t\t<\/div>\n\t\t\t\t<div class=\"elementor-column elementor-col-25 elementor-inner-column elementor-element elementor-element-83cba70\" data-id=\"83cba70\" data-element_type=\"column\" data-e-type=\"column\">\n\t\t\t<div class=\"elementor-widget-wrap elementor-element-populated\">\n\t\t\t\t\t\t<div class=\"elementor-element elementor-element-e7442d5 elementor-widget elementor-widget-image\" data-id=\"e7442d5\" data-element_type=\"widget\" data-e-type=\"widget\" data-widget_type=\"image.default\">\n\t\t\t\t<div class=\"elementor-widget-container\">\n\t\t\t\t\t\t\t\t\t\t\t\t\t\t\t<img loading=\"lazy\" decoding=\"async\" width=\"400\" height=\"400\" src=\"https:\/\/emediatest.fr\/mydgd\/wp-content\/uploads\/2023\/05\/thierry.jpg\" class=\"attachment-large size-large wp-image-103\" alt=\"\" srcset=\"https:\/\/emediatest.fr\/mydgd\/wp-content\/uploads\/2023\/05\/thierry.jpg 400w, https:\/\/emediatest.fr\/mydgd\/wp-content\/uploads\/2023\/05\/thierry-300x300.jpg 300w, https:\/\/emediatest.fr\/mydgd\/wp-content\/uploads\/2023\/05\/thierry-150x150.jpg 150w\" sizes=\"(max-width: 400px) 100vw, 400px\" \/>\t\t\t\t\t\t\t\t\t\t\t\t\t\t\t<\/div>\n\t\t\t\t<\/div>\n\t\t\t\t<div class=\"elementor-element elementor-element-6839eda elementor-widget elementor-widget-heading\" data-id=\"6839eda\" data-element_type=\"widget\" data-e-type=\"widget\" data-widget_type=\"heading.default\">\n\t\t\t\t<div class=\"elementor-widget-container\">\n\t\t\t\t\t<h2 class=\"elementor-heading-title elementor-size-default\">Thierry Kirszenberg<\/h2>\t\t\t\t<\/div>\n\t\t\t\t<\/div>\n\t\t\t\t\t<\/div>\n\t\t<\/div>\n\t\t\t\t\t<\/div>\n\t\t<\/section>\n\t\t\t\t\t<\/div>\n\t\t<\/div>\n\t\t\t\t\t<\/div>\n\t\t<\/section>\n\t\t\t\t<\/div>\n\t\t","protected":false},"excerpt":{"rendered":"<p>MYDGD, VOTRE DIAGNOSTIC DE GOUVERNANCE DIGITALE EN 1 CLIC ! RENCONTREZ NOTRE \u00c9QUIPE La force de vos \u00e9quipes : leur latitude. Elles renforcent votre Service Client. Nous favorisons leur esprit positif et volontaire. Si comme nous, vous n\u2019avez de cesse de vous concentrer sur l\u2019enrichissement des exp\u00e9riences et de renforcer le succ\u00e8s et le Bonheur [&hellip;]<\/p>\n","protected":false},"author":1,"featured_media":0,"parent":0,"menu_order":0,"comment_status":"closed","ping_status":"closed","template":"","meta":{"footnotes":""},"class_list":["post-62","page","type-page","status-publish","hentry"],"_links":{"self":[{"href":"https:\/\/emediatest.fr\/mydgd\/wp-json\/wp\/v2\/pages\/62","targetHints":{"allow":["GET"]}}],"collection":[{"href":"https:\/\/emediatest.fr\/mydgd\/wp-json\/wp\/v2\/pages"}],"about":[{"href":"https:\/\/emediatest.fr\/mydgd\/wp-json\/wp\/v2\/types\/page"}],"author":[{"embeddable":true,"href":"https:\/\/emediatest.fr\/mydgd\/wp-json\/wp\/v2\/users\/1"}],"replies":[{"embeddable":true,"href":"https:\/\/emediatest.fr\/mydgd\/wp-json\/wp\/v2\/comments?post=62"}],"version-history":[{"count":10,"href":"https:\/\/emediatest.fr\/mydgd\/wp-json\/wp\/v2\/pages\/62\/revisions"}],"predecessor-version":[{"id":111,"href":"https:\/\/emediatest.fr\/mydgd\/wp-json\/wp\/v2\/pages\/62\/revisions\/111"}],"wp:attachment":[{"href":"https:\/\/emediatest.fr\/mydgd\/wp-json\/wp\/v2\/media?parent=62"}],"curies":[{"name":"wp","href":"https:\/\/api.w.org\/{rel}","templated":true}]}}